{"id":494,"date":"2021-11-01T14:28:52","date_gmt":"2021-11-01T14:28:52","guid":{"rendered":"https:\/\/demo.athemes.com\/sydney-main\/?page_id=494"},"modified":"2026-02-10T18:09:17","modified_gmt":"2026-02-10T18:09:17","slug":"portfolio","status":"publish","type":"page","link":"https:\/\/activforme.fr\/index.php\/portfolio\/","title":{"rendered":"Portfolio"},"content":{"rendered":"\t\t<div data-elementor-type=\"wp-page\" data-elementor-id=\"494\" class=\"elementor elementor-494\">\n\t\t\t\t<div class=\"elementor-element elementor-element-76d54625 e-flex e-con-boxed e-con e-parent\" data-id=\"76d54625\" data-element_type=\"container\">\n\t\t\t\t\t<div class=\"e-con-inner\">\n\t\t<div class=\"elementor-element elementor-element-7adbc5d4 e-con-full e-flex e-con e-child\" data-id=\"7adbc5d4\" data-element_type=\"container\">\n\t\t\t\t<div class=\"elementor-element elementor-element-73e5a323 elementor-widget elementor-widget-heading\" data-id=\"73e5a323\" data-element_type=\"widget\" data-widget_type=\"heading.default\">\n\t\t\t\t\t<div class=\"elementor-heading-title elementor-size-default\">Un accompagnement sport-sant\u00e9 sur mesure<\/div>\t\t\t\t<\/div>\n\t\t\t\t<div class=\"elementor-element elementor-element-5304c08e elementor-widget elementor-widget-heading\" data-id=\"5304c08e\" data-element_type=\"widget\" data-widget_type=\"heading.default\">\n\t\t\t\t\t<h2 class=\"elementor-heading-title elementor-size-default\">Une structure d\u00e9di\u00e9e au sport adapt\u00e9<\/h2>\t\t\t\t<\/div>\n\t\t\t\t<div class=\"elementor-element elementor-element-2fa95ffe elementor-widget elementor-widget-text-editor\" data-id=\"2fa95ffe\" data-element_type=\"widget\" data-widget_type=\"text-editor.default\">\n\t\t\t\t\t\t\t\t\t<p>ActivForme est une structure sp\u00e9cialis\u00e9e dans l\u2019activit\u00e9 physique adapt\u00e9e (APA) et l\u2019accompagnement des personnes dans le cadre du sport sur ordonnance.<\/p>\n<p>Cr\u00e9\u00e9e en 2024, ActivForme intervient sur le territoire du Grand Est avec pour mission de contribuer \u00e0 l\u2019am\u00e9lioration de la sant\u00e9, de la mobilit\u00e9, de l\u2019autonomie et de la qualit\u00e9 de vie de personnes pr\u00e9sentant des limitations fonctionnelles et \/ ou des probl\u00e9matiques de sant\u00e9, exclusivement orient\u00e9es sur prescription m\u00e9dicale dans le cadre du sport sur ordonnance.<\/p>\t\t\t\t\t\t\t\t<\/div>\n\t\t\t\t<\/div>\n\t\t<div class=\"elementor-element elementor-element-7eef31f8 e-grid e-con-boxed e-con e-child\" data-id=\"7eef31f8\" data-element_type=\"container\">\n\t\t\t\t\t<div class=\"e-con-inner\">\n\t\t\t\t<div class=\"elementor-element elementor-element-69a8c2d6 elementor-widget-mobile__width-inherit elementor-widget elementor-widget-counter\" data-id=\"69a8c2d6\" data-element_type=\"widget\" data-widget_type=\"counter.default\">\n\t\t\t\t\t\t\t<div class=\"elementor-counter\">\n\t\t\t<div class=\"elementor-counter-title\">PARTENARIATS<\/div>\t\t\t<div class=\"elementor-counter-number-wrapper\">\n\t\t\t\t<span class=\"elementor-counter-number-prefix\"><\/span>\n\t\t\t\t<span class=\"elementor-counter-number\" data-duration=\"2000\" data-to-value=\"4\" data-from-value=\"0\" data-delimiter=\",\">0<\/span>\n\t\t\t\t<span class=\"elementor-counter-number-suffix\"><\/span>\n\t\t\t<\/div>\n\t\t<\/div>\n\t\t\t\t\t\t<\/div>\n\t\t\t\t<div class=\"elementor-element elementor-element-1701d16d elementor-widget-mobile__width-inherit elementor-widget elementor-widget-counter\" data-id=\"1701d16d\" data-element_type=\"widget\" data-widget_type=\"counter.default\">\n\t\t\t\t\t\t\t<div class=\"elementor-counter\">\n\t\t\t<div class=\"elementor-counter-title\">MACHINES<\/div>\t\t\t<div class=\"elementor-counter-number-wrapper\">\n\t\t\t\t<span class=\"elementor-counter-number-prefix\">+<\/span>\n\t\t\t\t<span class=\"elementor-counter-number\" data-duration=\"2000\" data-to-value=\"20\" data-from-value=\"0\" data-delimiter=\",\">0<\/span>\n\t\t\t\t<span class=\"elementor-counter-number-suffix\"><\/span>\n\t\t\t<\/div>\n\t\t<\/div>\n\t\t\t\t\t\t<\/div>\n\t\t\t\t<div class=\"elementor-element elementor-element-3c6d0cf5 elementor-widget-mobile__width-inherit elementor-widget elementor-widget-counter\" data-id=\"3c6d0cf5\" data-element_type=\"widget\" data-widget_type=\"counter.default\">\n\t\t\t\t\t\t\t<div class=\"elementor-counter\">\n\t\t\t<div class=\"elementor-counter-title\">Successful Campaigns<\/div>\t\t\t<div class=\"elementor-counter-number-wrapper\">\n\t\t\t\t<span class=\"elementor-counter-number-prefix\"><\/span>\n\t\t\t\t<span class=\"elementor-counter-number\" data-duration=\"2000\" data-to-value=\"120\" data-from-value=\"0\" data-delimiter=\",\">0<\/span>\n\t\t\t\t<span class=\"elementor-counter-number-suffix\">+<\/span>\n\t\t\t<\/div>\n\t\t<\/div>\n\t\t\t\t\t\t<\/div>\n\t\t\t\t<div class=\"elementor-element elementor-element-71b1452c elementor-widget-mobile__width-inherit elementor-widget elementor-widget-counter\" data-id=\"71b1452c\" data-element_type=\"widget\" data-widget_type=\"counter.default\">\n\t\t\t\t\t\t\t<div class=\"elementor-counter\">\n\t\t\t<div class=\"elementor-counter-title\">Client Retention Rate<\/div>\t\t\t<div class=\"elementor-counter-number-wrapper\">\n\t\t\t\t<span class=\"elementor-counter-number-prefix\"><\/span>\n\t\t\t\t<span class=\"elementor-counter-number\" data-duration=\"2000\" data-to-value=\"95\" data-from-value=\"0\" data-delimiter=\",\">0<\/span>\n\t\t\t\t<span class=\"elementor-counter-number-suffix\">%<\/span>\n\t\t\t<\/div>\n\t\t<\/div>\n\t\t\t\t\t\t<\/div>\n\t\t\t\t\t<\/div>\n\t\t\t\t<\/div>\n\t\t\t\t\t<\/div>\n\t\t\t\t<\/div>\n\t\t\t\t<section class=\"elementor-section elementor-top-section elementor-element elementor-element-5f9f5870 elementor-section-boxed elementor-section-height-default elementor-section-height-default\" data-id=\"5f9f5870\" data-element_type=\"section\">\n\t\t\t\t\t\t<div class=\"elementor-container elementor-column-gap-default\">\n\t\t\t\t\t<div class=\"elementor-column elementor-col-50 elementor-top-column elementor-element elementor-element-6517fcde\" data-id=\"6517fcde\" data-element_type=\"column\">\n\t\t\t<div class=\"elementor-widget-wrap elementor-element-populated\">\n\t\t\t\t\t\t<div class=\"elementor-element elementor-element-73b8c40a elementor-widget elementor-widget-image\" data-id=\"73b8c40a\" data-element_type=\"widget\" data-widget_type=\"image.default\">\n\t\t\t\t\t\t\t\t\t\t\t\t\t\t\t\t<a href=\"https:\/\/activforme.fr\/wp-content\/uploads\/2026\/01\/IMG_9751.jpg\" data-elementor-open-lightbox=\"yes\" data-elementor-lightbox-title=\"Activformecarling\" data-e-action-hash=\"#elementor-action%3Aaction%3Dlightbox%26settings%3DeyJpZCI6MTAyNiwidXJsIjoiaHR0cHM6XC9cL2FjdGl2Zm9ybWUuZnJcL3dwLWNvbnRlbnRcL3VwbG9hZHNcLzIwMjZcLzAxXC9JTUdfOTc1MS5qcGcifQ%3D%3D\">\n\t\t\t\t\t\t\t<img fetchpriority=\"high\" decoding=\"async\" width=\"1024\" height=\"768\" src=\"https:\/\/activforme.fr\/wp-content\/uploads\/2026\/01\/IMG_9751-1024x768.jpg\" class=\"attachment-large size-large wp-image-1026\" alt=\"\" srcset=\"https:\/\/activforme.fr\/wp-content\/uploads\/2026\/01\/IMG_9751-1024x768.jpg 1024w, https:\/\/activforme.fr\/wp-content\/uploads\/2026\/01\/IMG_9751-300x225.jpg 300w, https:\/\/activforme.fr\/wp-content\/uploads\/2026\/01\/IMG_9751-768x576.jpg 768w, https:\/\/activforme.fr\/wp-content\/uploads\/2026\/01\/IMG_9751-1000x750.jpg 1000w, https:\/\/activforme.fr\/wp-content\/uploads\/2026\/01\/IMG_9751-230x173.jpg 230w, https:\/\/activforme.fr\/wp-content\/uploads\/2026\/01\/IMG_9751-350x263.jpg 350w, https:\/\/activforme.fr\/wp-content\/uploads\/2026\/01\/IMG_9751-480x360.jpg 480w, https:\/\/activforme.fr\/wp-content\/uploads\/2026\/01\/IMG_9751.jpg 1280w\" sizes=\"(max-width: 1024px) 100vw, 1024px\" \/>\t\t\t\t\t\t\t\t<\/a>\n\t\t\t\t\t\t\t\t\t\t\t\t\t\t\t<\/div>\n\t\t\t\t<div class=\"elementor-element elementor-element-2e0754d4 elementor-widget elementor-widget-image\" data-id=\"2e0754d4\" data-element_type=\"widget\" data-widget_type=\"image.default\">\n\t\t\t\t\t\t\t\t\t\t\t\t\t\t\t\t<a href=\"https:\/\/activforme.fr\/wp-content\/uploads\/2026\/02\/IMG_9711.jpg\" data-elementor-open-lightbox=\"yes\" data-elementor-lightbox-title=\"IMG_9711\" data-e-action-hash=\"#elementor-action%3Aaction%3Dlightbox%26settings%3DeyJpZCI6MTE3NywidXJsIjoiaHR0cHM6XC9cL2FjdGl2Zm9ybWUuZnJcL3dwLWNvbnRlbnRcL3VwbG9hZHNcLzIwMjZcLzAyXC9JTUdfOTcxMS5qcGcifQ%3D%3D\">\n\t\t\t\t\t\t\t<img decoding=\"async\" width=\"1024\" height=\"768\" src=\"https:\/\/activforme.fr\/wp-content\/uploads\/2026\/02\/IMG_9711-1024x768.jpg\" class=\"attachment-large size-large wp-image-1177\" alt=\"\" srcset=\"https:\/\/activforme.fr\/wp-content\/uploads\/2026\/02\/IMG_9711-1024x768.jpg 1024w, https:\/\/activforme.fr\/wp-content\/uploads\/2026\/02\/IMG_9711-300x225.jpg 300w, https:\/\/activforme.fr\/wp-content\/uploads\/2026\/02\/IMG_9711-768x576.jpg 768w, https:\/\/activforme.fr\/wp-content\/uploads\/2026\/02\/IMG_9711-1536x1152.jpg 1536w, https:\/\/activforme.fr\/wp-content\/uploads\/2026\/02\/IMG_9711-1000x750.jpg 1000w, https:\/\/activforme.fr\/wp-content\/uploads\/2026\/02\/IMG_9711-230x173.jpg 230w, https:\/\/activforme.fr\/wp-content\/uploads\/2026\/02\/IMG_9711-350x263.jpg 350w, https:\/\/activforme.fr\/wp-content\/uploads\/2026\/02\/IMG_9711-480x360.jpg 480w, https:\/\/activforme.fr\/wp-content\/uploads\/2026\/02\/IMG_9711.jpg 1560w\" sizes=\"(max-width: 1024px) 100vw, 1024px\" \/>\t\t\t\t\t\t\t\t<\/a>\n\t\t\t\t\t\t\t\t\t\t\t\t\t\t\t<\/div>\n\t\t\t\t\t<\/div>\n\t\t<\/div>\n\t\t\t\t<div class=\"elementor-column elementor-col-50 elementor-top-column elementor-element elementor-element-3ed8ba1b\" data-id=\"3ed8ba1b\" data-element_type=\"column\">\n\t\t\t<div class=\"elementor-widget-wrap elementor-element-populated\">\n\t\t\t\t\t\t<div class=\"elementor-element elementor-element-726f703e elementor-widget elementor-widget-image\" data-id=\"726f703e\" data-element_type=\"widget\" data-widget_type=\"image.default\">\n\t\t\t\t\t\t\t\t\t\t\t\t\t\t\t\t<a href=\"https:\/\/activforme.fr\/wp-content\/uploads\/2026\/02\/IMG_9722.jpg\" data-elementor-open-lightbox=\"yes\" data-elementor-lightbox-title=\"IMG_9722\" data-e-action-hash=\"#elementor-action%3Aaction%3Dlightbox%26settings%3DeyJpZCI6MTE3OSwidXJsIjoiaHR0cHM6XC9cL2FjdGl2Zm9ybWUuZnJcL3dwLWNvbnRlbnRcL3VwbG9hZHNcLzIwMjZcLzAyXC9JTUdfOTcyMi5qcGcifQ%3D%3D\">\n\t\t\t\t\t\t\t<img decoding=\"async\" width=\"768\" height=\"1024\" src=\"https:\/\/activforme.fr\/wp-content\/uploads\/2026\/02\/IMG_9722-768x1024.jpg\" class=\"attachment-large size-large wp-image-1179\" alt=\"\" srcset=\"https:\/\/activforme.fr\/wp-content\/uploads\/2026\/02\/IMG_9722-768x1024.jpg 768w, https:\/\/activforme.fr\/wp-content\/uploads\/2026\/02\/IMG_9722-225x300.jpg 225w, https:\/\/activforme.fr\/wp-content\/uploads\/2026\/02\/IMG_9722-230x307.jpg 230w, https:\/\/activforme.fr\/wp-content\/uploads\/2026\/02\/IMG_9722-350x467.jpg 350w, https:\/\/activforme.fr\/wp-content\/uploads\/2026\/02\/IMG_9722-480x640.jpg 480w, https:\/\/activforme.fr\/wp-content\/uploads\/2026\/02\/IMG_9722.jpg 960w\" sizes=\"(max-width: 768px) 100vw, 768px\" \/>\t\t\t\t\t\t\t\t<\/a>\n\t\t\t\t\t\t\t\t\t\t\t\t\t\t\t<\/div>\n\t\t\t\t\t<\/div>\n\t\t<\/div>\n\t\t\t\t\t<\/div>\n\t\t<\/section>\n\t\t<div class=\"elementor-element elementor-element-e5ab8e9 e-flex e-con-boxed e-con e-parent\" data-id=\"e5ab8e9\" data-element_type=\"container\" data-settings=\"{&quot;background_background&quot;:&quot;classic&quot;}\">\n\t\t\t\t\t<div class=\"e-con-inner\">\n\t\t<div class=\"elementor-element elementor-element-9a0c50f e-con-full e-flex e-con e-child\" data-id=\"9a0c50f\" data-element_type=\"container\">\n\t\t\t\t<div class=\"elementor-element elementor-element-ff62290 elementor-widget elementor-widget-heading\" data-id=\"ff62290\" data-element_type=\"widget\" data-widget_type=\"heading.default\">\n\t\t\t\t\t<h2 class=\"elementor-heading-title elementor-size-default\">Have a project in mind? Let\u2019s get to work.<\/h2>\t\t\t\t<\/div>\n\t\t\t\t<\/div>\n\t\t<div class=\"elementor-element elementor-element-9f1097f e-con-full e-flex e-con e-child\" data-id=\"9f1097f\" data-element_type=\"container\">\n\t\t\t\t<div class=\"elementor-element elementor-element-1c1b32f elementor-align-right elementor-mobile-align-center elementor-widget elementor-widget-button\" data-id=\"1c1b32f\" data-element_type=\"widget\" data-widget_type=\"button.default\">\n\t\t\t\t\t\t\t\t\t\t<a class=\"elementor-button elementor-button-link elementor-size-sm\" href=\"#\">\n\t\t\t\t\t\t<span class=\"elementor-button-content-wrapper\">\n\t\t\t\t\t\t\t\t\t<span class=\"elementor-button-text\">Contact us<\/span>\n\t\t\t\t\t<\/span>\n\t\t\t\t\t<\/a>\n\t\t\t\t\t\t\t\t<\/div>\n\t\t\t\t<\/div>\n\t\t\t\t\t<\/div>\n\t\t\t\t<\/div>\n\t\t\t\t<\/div>\n\t\t","protected":false},"excerpt":{"rendered":"<p>Un accompagnement sport-sant\u00e9 sur mesure Une structure d\u00e9di\u00e9e au sport adapt\u00e9 ActivForme est une structure sp\u00e9cialis\u00e9e dans l\u2019activit\u00e9 physique adapt\u00e9e (APA) et [&hellip;]<\/p>\n","protected":false},"author":1,"featured_media":0,"parent":0,"menu_order":0,"comment_status":"closed","ping_status":"closed","template":"page-templates\/page_front-page.php","meta":{"footnotes":""},"class_list":["post-494","page","type-page","status-publish","hentry"],"_links":{"self":[{"href":"https:\/\/activforme.fr\/index.php\/wp-json\/wp\/v2\/pages\/494","targetHints":{"allow":["GET"]}}],"collection":[{"href":"https:\/\/activforme.fr\/index.php\/wp-json\/wp\/v2\/pages"}],"about":[{"href":"https:\/\/activforme.fr\/index.php\/wp-json\/wp\/v2\/types\/page"}],"author":[{"embeddable":true,"href":"https:\/\/activforme.fr\/index.php\/wp-json\/wp\/v2\/users\/1"}],"replies":[{"embeddable":true,"href":"https:\/\/activforme.fr\/index.php\/wp-json\/wp\/v2\/comments?post=494"}],"version-history":[{"count":9,"href":"https:\/\/activforme.fr\/index.php\/wp-json\/wp\/v2\/pages\/494\/revisions"}],"predecessor-version":[{"id":1185,"href":"https:\/\/activforme.fr\/index.php\/wp-json\/wp\/v2\/pages\/494\/revisions\/1185"}],"wp:attachment":[{"href":"https:\/\/activforme.fr\/index.php\/wp-json\/wp\/v2\/media?parent=494"}],"curies":[{"name":"wp","href":"https:\/\/api.w.org\/{rel}","templated":true}]}}