{"id":401,"date":"2021-11-01T11:30:50","date_gmt":"2021-11-01T11:30:50","guid":{"rendered":"https:\/\/demo.athemes.com\/sydney-main\/?page_id=401"},"modified":"2026-02-10T17:27:22","modified_gmt":"2026-02-10T17:27:22","slug":"about","status":"publish","type":"page","link":"https:\/\/activforme.fr\/index.php\/about\/","title":{"rendered":"About"},"content":{"rendered":"\t\t<div data-elementor-type=\"wp-page\" data-elementor-id=\"401\" class=\"elementor elementor-401\">\n\t\t\t\t<div class=\"elementor-element elementor-element-f0efb4b e-flex e-con-boxed e-con e-parent\" data-id=\"f0efb4b\" data-element_type=\"container\" data-settings=\"{&quot;background_background&quot;:&quot;classic&quot;}\">\n\t\t\t\t\t<div class=\"e-con-inner\">\n\t\t<div class=\"elementor-element elementor-element-042cedb e-con-full animated-slow e-flex elementor-invisible e-con e-child\" data-id=\"042cedb\" data-element_type=\"container\" data-settings=\"{&quot;background_background&quot;:&quot;classic&quot;,&quot;animation&quot;:&quot;bounceInLeft&quot;}\">\n\t\t\t\t<div class=\"elementor-element elementor-element-efbe9e0 elementor-widget elementor-widget-image\" data-id=\"efbe9e0\" data-element_type=\"widget\" data-widget_type=\"image.default\">\n\t\t\t\t\t\t\t\t\t\t\t\t\t\t\t<img fetchpriority=\"high\" decoding=\"async\" width=\"724\" height=\"350\" src=\"https:\/\/activforme.fr\/wp-content\/uploads\/2026\/01\/liguelogo.png\" class=\"attachment-large size-large wp-image-1005\" alt=\"\" srcset=\"https:\/\/activforme.fr\/wp-content\/uploads\/2026\/01\/liguelogo.png 724w, https:\/\/activforme.fr\/wp-content\/uploads\/2026\/01\/liguelogo-300x145.png 300w, https:\/\/activforme.fr\/wp-content\/uploads\/2026\/01\/liguelogo-230x111.png 230w, https:\/\/activforme.fr\/wp-content\/uploads\/2026\/01\/liguelogo-350x169.png 350w, https:\/\/activforme.fr\/wp-content\/uploads\/2026\/01\/liguelogo-480x232.png 480w\" sizes=\"(max-width: 724px) 100vw, 724px\" \/>\t\t\t\t\t\t\t\t\t\t\t\t\t\t\t<\/div>\n\t\t\t\t<div class=\"elementor-element elementor-element-1f6f900 elementor-button-info elementor-align-center elementor-widget elementor-widget-button\" data-id=\"1f6f900\" data-element_type=\"widget\" data-widget_type=\"button.default\">\n\t\t\t\t\t\t\t\t\t\t<a class=\"elementor-button elementor-button-link elementor-size-sm\" href=\"https:\/\/www.ligue-cancer.net\/sites\/default\/files\/media\/downloadable-files\/2025-04\/depliant_soins_de_support_-_lecture.pdf\">\n\t\t\t\t\t\t<span class=\"elementor-button-content-wrapper\">\n\t\t\t\t\t\t<span class=\"elementor-button-icon\">\n\t\t\t\t<svg aria-hidden=\"true\" class=\"e-font-icon-svg e-fas-check\" viewBox=\"0 0 512 512\" xmlns=\"http:\/\/www.w3.org\/2000\/svg\"><path d=\"M173.898 439.404l-166.4-166.4c-9.997-9.997-9.997-26.206 0-36.204l36.203-36.204c9.997-9.998 26.207-9.998 36.204 0L192 312.69 432.095 72.596c9.997-9.997 26.207-9.997 36.204 0l36.203 36.204c9.997 9.997 9.997 26.206 0 36.204l-294.4 294.401c-9.998 9.997-26.207 9.997-36.204-.001z\"><\/path><\/svg>\t\t\t<\/span>\n\t\t\t\t\t\t\t\t\t<span class=\"elementor-button-text\">T\u00e9l\u00e9charger votre ordonnance<\/span>\n\t\t\t\t\t<\/span>\n\t\t\t\t\t<\/a>\n\t\t\t\t\t\t\t\t<\/div>\n\t\t\t\t<\/div>\n\t\t<div class=\"elementor-element elementor-element-0f4c9b1 e-con-full animated-slow e-flex elementor-invisible e-con e-child\" data-id=\"0f4c9b1\" data-element_type=\"container\" data-settings=\"{&quot;animation&quot;:&quot;fadeInUp&quot;}\">\n\t\t\t\t<div class=\"elementor-element elementor-element-cba65e8 elementor-widget elementor-widget-heading\" data-id=\"cba65e8\" data-element_type=\"widget\" data-widget_type=\"heading.default\">\n\t\t\t\t\t<h2 class=\"elementor-heading-title elementor-size-default\">ACCOMPAGNER LES PERSONNES MALADES<\/h2>\t\t\t\t<\/div>\n\t\t\t\t<div class=\"elementor-element elementor-element-cdefd10 elementor-widget elementor-widget-text-editor\" data-id=\"cdefd10\" data-element_type=\"widget\" data-widget_type=\"text-editor.default\">\n\t\t\t\t\t\t\t\t\t<p>La Ligue contre le cancer (Comit\u00e9 de Moselle) propose un dispositif de soins de support destin\u00e9 aux personnes dont le cancer a \u00e9t\u00e9 diagnostiqu\u00e9 il y a moins de 5 ans.<\/p>\n<p>Dans ce cadre, ActivForme assure les s\u00e9ances d&rsquo;Activit\u00e9s Physiques Adapt\u00e9es (gym douce,renforcement musculaire&#8230;), dans un objectif de sant\u00e9, de bien-\u00eatre et de reprise d\u2019activit\u00e9 en toute s\u00e9curit\u00e9.<\/p><p>La prise en charge est propos\u00e9e pour une dur\u00e9e d\u2019un an, renouvelable.<\/p>\t\t\t\t\t\t\t\t<\/div>\n\t\t\t\t<div class=\"elementor-element elementor-element-30813b6 elementor-widget-divider--view-line elementor-widget elementor-widget-divider\" data-id=\"30813b6\" data-element_type=\"widget\" data-widget_type=\"divider.default\">\n\t\t\t\t\t\t\t<div class=\"elementor-divider\">\n\t\t\t<span class=\"elementor-divider-separator\">\n\t\t\t\t\t\t<\/span>\n\t\t<\/div>\n\t\t\t\t\t\t<\/div>\n\t\t\t\t<div class=\"elementor-element elementor-element-1a84fa3 elementor-widget elementor-widget-heading\" data-id=\"1a84fa3\" data-element_type=\"widget\" data-widget_type=\"heading.default\">\n\t\t\t\t\t<h2 class=\"elementor-heading-title elementor-size-default\">Les s\u00e9ances<\/h2>\t\t\t\t<\/div>\n\t\t\t\t<div class=\"elementor-element elementor-element-fac0f91 elementor-icon-list--layout-traditional elementor-list-item-link-full_width elementor-widget elementor-widget-icon-list\" data-id=\"fac0f91\" data-element_type=\"widget\" data-widget_type=\"icon-list.default\">\n\t\t\t\t\t\t\t<ul class=\"elementor-icon-list-items\">\n\t\t\t\t\t\t\t<li class=\"elementor-icon-list-item\">\n\t\t\t\t\t\t\t\t\t\t\t<span class=\"elementor-icon-list-icon\">\n\t\t\t\t\t\t\t<svg aria-hidden=\"true\" class=\"e-font-icon-svg e-fas-map-marker-alt\" viewBox=\"0 0 384 512\" xmlns=\"http:\/\/www.w3.org\/2000\/svg\"><path d=\"M172.268 501.67C26.97 291.031 0 269.413 0 192 0 85.961 85.961 0 192 0s192 85.961 192 192c0 77.413-26.97 99.031-172.268 309.67-9.535 13.774-29.93 13.773-39.464 0zM192 272c44.183 0 80-35.817 80-80s-35.817-80-80-80-80 35.817-80 80 35.817 80 80 80z\"><\/path><\/svg>\t\t\t\t\t\t<\/span>\n\t\t\t\t\t\t\t\t\t\t<span class=\"elementor-icon-list-text\">le mercredi \u00e0 09h30 \u00e0 Carling<\/span>\n\t\t\t\t\t\t\t\t\t<\/li>\n\t\t\t\t\t\t\t\t<li class=\"elementor-icon-list-item\">\n\t\t\t\t\t\t\t\t\t\t\t<span class=\"elementor-icon-list-icon\">\n\t\t\t\t\t\t\t<svg aria-hidden=\"true\" class=\"e-font-icon-svg e-fas-map-marker-alt\" viewBox=\"0 0 384 512\" xmlns=\"http:\/\/www.w3.org\/2000\/svg\"><path d=\"M172.268 501.67C26.97 291.031 0 269.413 0 192 0 85.961 85.961 0 192 0s192 85.961 192 192c0 77.413-26.97 99.031-172.268 309.67-9.535 13.774-29.93 13.773-39.464 0zM192 272c44.183 0 80-35.817 80-80s-35.817-80-80-80-80 35.817-80 80 35.817 80 80 80z\"><\/path><\/svg>\t\t\t\t\t\t<\/span>\n\t\t\t\t\t\t\t\t\t\t<span class=\"elementor-icon-list-text\">le vendredi \u00e0 11h00 \u00e0 Varsberg<\/span>\n\t\t\t\t\t\t\t\t\t<\/li>\n\t\t\t\t\t\t<\/ul>\n\t\t\t\t\t\t<\/div>\n\t\t\t\t<div class=\"elementor-element elementor-element-bc445b0 elementor-widget-divider--view-line elementor-widget elementor-widget-divider\" data-id=\"bc445b0\" data-element_type=\"widget\" data-widget_type=\"divider.default\">\n\t\t\t\t\t\t\t<div class=\"elementor-divider\">\n\t\t\t<span class=\"elementor-divider-separator\">\n\t\t\t\t\t\t<\/span>\n\t\t<\/div>\n\t\t\t\t\t\t<\/div>\n\t\t\t\t<div class=\"elementor-element elementor-element-ba8e04c elementor-widget elementor-widget-text-editor\" data-id=\"ba8e04c\" data-element_type=\"widget\" data-widget_type=\"text-editor.default\">\n\t\t\t\t\t\t\t\t\t<p>Le dispositif comprend \u00e9galement, de fa\u00e7on compl\u00e9mentaire, un accompagnement psychoth\u00e9rapeutique, des consultations di\u00e9t\u00e9tiques et de sexologie, des soins socio-esth\u00e9tiques ainsi que des soins de bien-\u00eatre et des actions de sport-sant\u00e9.<\/p>\t\t\t\t\t\t\t\t<\/div>\n\t\t\t\t<\/div>\n\t\t\t\t\t<\/div>\n\t\t\t\t<\/div>\n\t\t<div class=\"elementor-element elementor-element-f85ce96 e-flex e-con-boxed e-con e-parent\" data-id=\"f85ce96\" data-element_type=\"container\" data-settings=\"{&quot;background_background&quot;:&quot;classic&quot;}\">\n\t\t\t\t\t<div class=\"e-con-inner\">\n\t\t<div class=\"elementor-element elementor-element-1b0c7fa e-con-full animated-slow e-flex elementor-invisible e-con e-child\" data-id=\"1b0c7fa\" data-element_type=\"container\" data-settings=\"{&quot;background_background&quot;:&quot;classic&quot;,&quot;animation&quot;:&quot;bounceInLeft&quot;}\">\n\t\t\t\t<div class=\"elementor-element elementor-element-2698278 elementor-widget elementor-widget-image\" data-id=\"2698278\" data-element_type=\"widget\" data-widget_type=\"image.default\">\n\t\t\t\t\t\t\t\t\t\t\t\t\t\t\t<img decoding=\"async\" width=\"730\" height=\"226\" src=\"https:\/\/activforme.fr\/wp-content\/uploads\/2026\/02\/prescrimouv-logo.png\" class=\"attachment-large size-large wp-image-1107\" alt=\"\" srcset=\"https:\/\/activforme.fr\/wp-content\/uploads\/2026\/02\/prescrimouv-logo.png 730w, https:\/\/activforme.fr\/wp-content\/uploads\/2026\/02\/prescrimouv-logo-300x93.png 300w, https:\/\/activforme.fr\/wp-content\/uploads\/2026\/02\/prescrimouv-logo-230x71.png 230w, https:\/\/activforme.fr\/wp-content\/uploads\/2026\/02\/prescrimouv-logo-350x108.png 350w, https:\/\/activforme.fr\/wp-content\/uploads\/2026\/02\/prescrimouv-logo-480x149.png 480w\" sizes=\"(max-width: 730px) 100vw, 730px\" \/>\t\t\t\t\t\t\t\t\t\t\t\t\t\t\t<\/div>\n\t\t\t\t<div class=\"elementor-element elementor-element-3ff3300 elementor-button-info elementor-align-center elementor-widget elementor-widget-button\" data-id=\"3ff3300\" data-element_type=\"widget\" data-widget_type=\"button.default\">\n\t\t\t\t\t\t\t\t\t\t<a class=\"elementor-button elementor-button-link elementor-size-sm\" href=\"https:\/\/activforme.fr\/wp-content\/uploads\/2026\/01\/Ordonnance-PrescriMouv.pdf\">\n\t\t\t\t\t\t<span class=\"elementor-button-content-wrapper\">\n\t\t\t\t\t\t<span class=\"elementor-button-icon\">\n\t\t\t\t<svg aria-hidden=\"true\" class=\"e-font-icon-svg e-fas-check\" viewBox=\"0 0 512 512\" xmlns=\"http:\/\/www.w3.org\/2000\/svg\"><path d=\"M173.898 439.404l-166.4-166.4c-9.997-9.997-9.997-26.206 0-36.204l36.203-36.204c9.997-9.998 26.207-9.998 36.204 0L192 312.69 432.095 72.596c9.997-9.997 26.207-9.997 36.204 0l36.203 36.204c9.997 9.997 9.997 26.206 0 36.204l-294.4 294.401c-9.998 9.997-26.207 9.997-36.204-.001z\"><\/path><\/svg>\t\t\t<\/span>\n\t\t\t\t\t\t\t\t\t<span class=\"elementor-button-text\">T\u00e9l\u00e9charger votre ordonnance<\/span>\n\t\t\t\t\t<\/span>\n\t\t\t\t\t<\/a>\n\t\t\t\t\t\t\t\t<\/div>\n\t\t\t\t<\/div>\n\t\t<div class=\"elementor-element elementor-element-2789067 e-con-full animated-slow e-flex elementor-invisible e-con e-child\" data-id=\"2789067\" data-element_type=\"container\" data-settings=\"{&quot;animation&quot;:&quot;fadeInUp&quot;}\">\n\t\t\t\t<div class=\"elementor-element elementor-element-37baa25 elementor-widget elementor-widget-heading\" data-id=\"37baa25\" data-element_type=\"widget\" data-widget_type=\"heading.default\">\n\t\t\t\t\t<h2 class=\"elementor-heading-title elementor-size-default\">AGISSEZ POUR VOTRE SANT\u00c9<\/h2>\t\t\t\t<\/div>\n\t\t\t\t<div class=\"elementor-element elementor-element-4c0d30b elementor-widget elementor-widget-text-editor\" data-id=\"4c0d30b\" data-element_type=\"widget\" data-widget_type=\"text-editor.default\">\n\t\t\t\t\t\t\t\t\t<p>Prescri\u2019mouv est un dispositif r\u00e9gional du Grand Est qui permet, sur prescription m\u00e9dicale, de reprendre une activit\u00e9 physique adapt\u00e9e et s\u00e9curis\u00e9e.<\/p><p>Il s\u2019adresse aux adultes pr\u00e9sentant une pathologie chronique (ALD 30), des troubles musculo-squelettiques, des troubles persistants apr\u00e8s la Covid-19 ou une situation d\u2019ob\u00e9sit\u00e9, avec des limitations l\u00e9g\u00e8res \u00e0 mod\u00e9r\u00e9es.<\/p>\t\t\t\t\t\t\t\t<\/div>\n\t\t\t\t<div class=\"elementor-element elementor-element-817429f elementor-widget-divider--view-line elementor-widget elementor-widget-divider\" data-id=\"817429f\" data-element_type=\"widget\" data-widget_type=\"divider.default\">\n\t\t\t\t\t\t\t<div class=\"elementor-divider\">\n\t\t\t<span class=\"elementor-divider-separator\">\n\t\t\t\t\t\t<\/span>\n\t\t<\/div>\n\t\t\t\t\t\t<\/div>\n\t\t\t\t<div class=\"elementor-element elementor-element-ddec7b0 elementor-widget elementor-widget-heading\" data-id=\"ddec7b0\" data-element_type=\"widget\" data-widget_type=\"heading.default\">\n\t\t\t\t\t<h2 class=\"elementor-heading-title elementor-size-default\">Les s\u00e9ances<\/h2>\t\t\t\t<\/div>\n\t\t\t\t<div class=\"elementor-element elementor-element-c3b08b3 elementor-align-start elementor-icon-list--layout-traditional elementor-list-item-link-full_width elementor-widget elementor-widget-icon-list\" data-id=\"c3b08b3\" data-element_type=\"widget\" data-widget_type=\"icon-list.default\">\n\t\t\t\t\t\t\t<ul class=\"elementor-icon-list-items\">\n\t\t\t\t\t\t\t<li class=\"elementor-icon-list-item\">\n\t\t\t\t\t\t\t\t\t\t\t<span class=\"elementor-icon-list-icon\">\n\t\t\t\t\t\t\t<svg aria-hidden=\"true\" class=\"e-font-icon-svg e-far-calendar-check\" viewBox=\"0 0 448 512\" xmlns=\"http:\/\/www.w3.org\/2000\/svg\"><path d=\"M400 64h-48V12c0-6.627-5.373-12-12-12h-40c-6.627 0-12 5.373-12 12v52H160V12c0-6.627-5.373-12-12-12h-40c-6.627 0-12 5.373-12 12v52H48C21.49 64 0 85.49 0 112v352c0 26.51 21.49 48 48 48h352c26.51 0 48-21.49 48-48V112c0-26.51-21.49-48-48-48zm-6 400H54a6 6 0 0 1-6-6V160h352v298a6 6 0 0 1-6 6zm-52.849-200.65L198.842 404.519c-4.705 4.667-12.303 4.637-16.971-.068l-75.091-75.699c-4.667-4.705-4.637-12.303.068-16.971l22.719-22.536c4.705-4.667 12.303-4.637 16.97.069l44.104 44.461 111.072-110.181c4.705-4.667 12.303-4.637 16.971.068l22.536 22.718c4.667 4.705 4.636 12.303-.069 16.97z\"><\/path><\/svg>\t\t\t\t\t\t<\/span>\n\t\t\t\t\t\t\t\t\t\t<span class=\"elementor-icon-list-text\">Les s\u00e9ances et bilans sont propos\u00e9s sur rendez-vous, aux horaires d\u2019ouverture de la salle.<\/span>\n\t\t\t\t\t\t\t\t\t<\/li>\n\t\t\t\t\t\t<\/ul>\n\t\t\t\t\t\t<\/div>\n\t\t\t\t<div class=\"elementor-element elementor-element-cab41d5 elementor-widget elementor-widget-text-editor\" data-id=\"cab41d5\" data-element_type=\"widget\" data-widget_type=\"text-editor.default\">\n\t\t\t\t\t\t\t\t\t<p>ActivForme assure l\u2019accueil, l&rsquo;orientation et la prise en charge des b\u00e9n\u00e9ficiaires du dispositif Prescri\u2019mouv au sein de sa salle.<br \/>Les s\u00e9ances propos\u00e9es sont des s\u00e9ances d\u2019activit\u00e9 physique adapt\u00e9e \u00e0 chaque personne, construites en fonction de son \u00e9tat de sant\u00e9, de ses capacit\u00e9s et de ses objectifs. Elles associent notamment du renforcement musculaire, du r\u00e9entra\u00eenement \u00e0 l\u2019effort a\u00e9robie, de la mobilit\u00e9 et du travail des capacit\u00e9s fonctionnelles.<\/p>\t\t\t\t\t\t\t\t<\/div>\n\t\t\t\t<div class=\"elementor-element elementor-element-2204247 elementor-widget-divider--view-line elementor-widget elementor-widget-divider\" data-id=\"2204247\" data-element_type=\"widget\" data-widget_type=\"divider.default\">\n\t\t\t\t\t\t\t<div class=\"elementor-divider\">\n\t\t\t<span class=\"elementor-divider-separator\">\n\t\t\t\t\t\t<\/span>\n\t\t<\/div>\n\t\t\t\t\t\t<\/div>\n\t\t\t\t<div class=\"elementor-element elementor-element-9d1152f elementor-widget elementor-widget-text-editor\" data-id=\"9d1152f\" data-element_type=\"widget\" data-widget_type=\"text-editor.default\">\n\t\t\t\t\t\t\t\t\t<p>L\u2019accompagnement est financ\u00e9 par l\u2019ARS Grand Est.<\/p>\t\t\t\t\t\t\t\t<\/div>\n\t\t\t\t<\/div>\n\t\t\t\t\t<\/div>\n\t\t\t\t<\/div>\n\t\t<div class=\"elementor-element elementor-element-e246398 e-flex e-con-boxed e-con e-parent\" data-id=\"e246398\" data-element_type=\"container\" data-settings=\"{&quot;background_background&quot;:&quot;classic&quot;}\">\n\t\t\t\t\t<div class=\"e-con-inner\">\n\t\t<div class=\"elementor-element elementor-element-78eab7a e-con-full animated-slow e-flex elementor-invisible e-con e-child\" data-id=\"78eab7a\" data-element_type=\"container\" data-settings=\"{&quot;background_background&quot;:&quot;classic&quot;,&quot;animation&quot;:&quot;bounceInLeft&quot;}\">\n\t\t\t\t<div class=\"elementor-element elementor-element-940fca1 elementor-widget elementor-widget-image\" data-id=\"940fca1\" data-element_type=\"widget\" data-widget_type=\"image.default\">\n\t\t\t\t\t\t\t\t\t\t\t\t\t\t\t<img decoding=\"async\" width=\"960\" height=\"346\" src=\"https:\/\/activforme.fr\/wp-content\/uploads\/2026\/01\/MoselleMouv.png\" class=\"attachment-large size-large wp-image-1004\" alt=\"\" srcset=\"https:\/\/activforme.fr\/wp-content\/uploads\/2026\/01\/MoselleMouv.png 960w, https:\/\/activforme.fr\/wp-content\/uploads\/2026\/01\/MoselleMouv-300x108.png 300w, https:\/\/activforme.fr\/wp-content\/uploads\/2026\/01\/MoselleMouv-768x277.png 768w, https:\/\/activforme.fr\/wp-content\/uploads\/2026\/01\/MoselleMouv-230x83.png 230w, https:\/\/activforme.fr\/wp-content\/uploads\/2026\/01\/MoselleMouv-350x126.png 350w, https:\/\/activforme.fr\/wp-content\/uploads\/2026\/01\/MoselleMouv-480x173.png 480w\" sizes=\"(max-width: 960px) 100vw, 960px\" \/>\t\t\t\t\t\t\t\t\t\t\t\t\t\t\t<\/div>\n\t\t\t\t<div class=\"elementor-element elementor-element-28400f8 elementor-button-info elementor-align-center elementor-widget elementor-widget-button\" data-id=\"28400f8\" data-element_type=\"widget\" data-widget_type=\"button.default\">\n\t\t\t\t\t\t\t\t\t\t<a class=\"elementor-button elementor-button-link elementor-size-sm\" href=\"https:\/\/activforme.fr\/wp-content\/uploads\/2026\/01\/Ordonnance-MoselleMouv.pdf\">\n\t\t\t\t\t\t<span class=\"elementor-button-content-wrapper\">\n\t\t\t\t\t\t<span class=\"elementor-button-icon\">\n\t\t\t\t<svg aria-hidden=\"true\" class=\"e-font-icon-svg e-fas-check\" viewBox=\"0 0 512 512\" xmlns=\"http:\/\/www.w3.org\/2000\/svg\"><path d=\"M173.898 439.404l-166.4-166.4c-9.997-9.997-9.997-26.206 0-36.204l36.203-36.204c9.997-9.998 26.207-9.998 36.204 0L192 312.69 432.095 72.596c9.997-9.997 26.207-9.997 36.204 0l36.203 36.204c9.997 9.997 9.997 26.206 0 36.204l-294.4 294.401c-9.998 9.997-26.207 9.997-36.204-.001z\"><\/path><\/svg>\t\t\t<\/span>\n\t\t\t\t\t\t\t\t\t<span class=\"elementor-button-text\">T\u00e9l\u00e9charger votre ordonnance<\/span>\n\t\t\t\t\t<\/span>\n\t\t\t\t\t<\/a>\n\t\t\t\t\t\t\t\t<\/div>\n\t\t\t\t<\/div>\n\t\t<div class=\"elementor-element elementor-element-2b2bf92 e-con-full animated-slow e-flex elementor-invisible e-con e-child\" data-id=\"2b2bf92\" data-element_type=\"container\" data-settings=\"{&quot;animation&quot;:&quot;fadeInUp&quot;}\">\n\t\t\t\t<div class=\"elementor-element elementor-element-721ae8e elementor-widget elementor-widget-heading\" data-id=\"721ae8e\" data-element_type=\"widget\" data-widget_type=\"heading.default\">\n\t\t\t\t\t<h2 class=\"elementor-heading-title elementor-size-default\">LE R\u00c9SEAU SANT\u00c9 PAR LE SPORT<\/h2>\t\t\t\t<\/div>\n\t\t\t\t<div class=\"elementor-element elementor-element-c3fe8f3 elementor-widget elementor-widget-text-editor\" data-id=\"c3fe8f3\" data-element_type=\"widget\" data-widget_type=\"text-editor.default\">\n\t\t\t\t\t\t\t\t\t<p>Moselle Mouv\u2019 est un dispositif d\u00e9partemental, permettant de pratiquer une activit\u00e9 physique adapt\u00e9e sur prescription m\u00e9dicale.<\/p><p>Il s\u2019adresse aux personnes atteintes d\u2019une affection de longue dur\u00e9e (ALD 30) ou pr\u00e9sentant un\u00a0indice de masse corporelle (IMC) sup\u00e9rieur \u00e0 30.<\/p>\t\t\t\t\t\t\t\t<\/div>\n\t\t\t\t<div class=\"elementor-element elementor-element-b823061 elementor-widget-divider--view-line elementor-widget elementor-widget-divider\" data-id=\"b823061\" data-element_type=\"widget\" data-widget_type=\"divider.default\">\n\t\t\t\t\t\t\t<div class=\"elementor-divider\">\n\t\t\t<span class=\"elementor-divider-separator\">\n\t\t\t\t\t\t<\/span>\n\t\t<\/div>\n\t\t\t\t\t\t<\/div>\n\t\t\t\t<div class=\"elementor-element elementor-element-0c2f66e elementor-widget elementor-widget-heading\" data-id=\"0c2f66e\" data-element_type=\"widget\" data-widget_type=\"heading.default\">\n\t\t\t\t\t<h2 class=\"elementor-heading-title elementor-size-default\">Les s\u00e9ances<\/h2>\t\t\t\t<\/div>\n\t\t\t\t<div class=\"elementor-element elementor-element-0e78037 elementor-align-start elementor-icon-list--layout-traditional elementor-list-item-link-full_width elementor-widget elementor-widget-icon-list\" data-id=\"0e78037\" data-element_type=\"widget\" data-widget_type=\"icon-list.default\">\n\t\t\t\t\t\t\t<ul class=\"elementor-icon-list-items\">\n\t\t\t\t\t\t\t<li class=\"elementor-icon-list-item\">\n\t\t\t\t\t\t\t\t\t\t\t<span class=\"elementor-icon-list-icon\">\n\t\t\t\t\t\t\t<svg aria-hidden=\"true\" class=\"e-font-icon-svg e-far-calendar-check\" viewBox=\"0 0 448 512\" xmlns=\"http:\/\/www.w3.org\/2000\/svg\"><path d=\"M400 64h-48V12c0-6.627-5.373-12-12-12h-40c-6.627 0-12 5.373-12 12v52H160V12c0-6.627-5.373-12-12-12h-40c-6.627 0-12 5.373-12 12v52H48C21.49 64 0 85.49 0 112v352c0 26.51 21.49 48 48 48h352c26.51 0 48-21.49 48-48V112c0-26.51-21.49-48-48-48zm-6 400H54a6 6 0 0 1-6-6V160h352v298a6 6 0 0 1-6 6zm-52.849-200.65L198.842 404.519c-4.705 4.667-12.303 4.637-16.971-.068l-75.091-75.699c-4.667-4.705-4.637-12.303.068-16.971l22.719-22.536c4.705-4.667 12.303-4.637 16.97.069l44.104 44.461 111.072-110.181c4.705-4.667 12.303-4.637 16.971.068l22.536 22.718c4.667 4.705 4.636 12.303-.069 16.97z\"><\/path><\/svg>\t\t\t\t\t\t<\/span>\n\t\t\t\t\t\t\t\t\t\t<span class=\"elementor-icon-list-text\">Les s\u00e9ances ont lieu sur rendez-vous, aux horaires d\u2019ouverture de la salle ActivForme.<\/span>\n\t\t\t\t\t\t\t\t\t<\/li>\n\t\t\t\t\t\t<\/ul>\n\t\t\t\t\t\t<\/div>\n\t\t\t\t<div class=\"elementor-element elementor-element-cae1639 elementor-widget elementor-widget-text-editor\" data-id=\"cae1639\" data-element_type=\"widget\" data-widget_type=\"text-editor.default\">\n\t\t\t\t\t\t\t\t\t<p>ActivForme assure l\u2019accueil et l&rsquo;orientation des patients, ainsi que les s\u00e9ances d\u2019activit\u00e9 physique adapt\u00e9e, au sein de sa salle.<br \/>Le parcours d\u00e9bute par une inscription aupr\u00e8s de Moselle Mouv\u2019, puis par la r\u00e9alisation d\u2019un bilan sport-sant\u00e9.<\/p><p>\u00c0 l\u2019issue de ce bilan, un accompagnement personnalis\u00e9 est propos\u00e9. Les s\u00e9ances sont enti\u00e8rement adapt\u00e9es \u00e0 chaque personne, en fonction de leur \u00e9tat de sant\u00e9, de leurs capacit\u00e9s et de leurs objectifs. Elles combinent notamment du renforcement musculaire, du r\u00e9entra\u00eenement \u00e0 l\u2019effort a\u00e9robie, de la mobilit\u00e9 et du travail des capacit\u00e9s fonctionnelles.<\/p>\t\t\t\t\t\t\t\t<\/div>\n\t\t\t\t<div class=\"elementor-element elementor-element-901036a elementor-widget-divider--view-line elementor-widget elementor-widget-divider\" data-id=\"901036a\" data-element_type=\"widget\" data-widget_type=\"divider.default\">\n\t\t\t\t\t\t\t<div class=\"elementor-divider\">\n\t\t\t<span class=\"elementor-divider-separator\">\n\t\t\t\t\t\t<\/span>\n\t\t<\/div>\n\t\t\t\t\t\t<\/div>\n\t\t\t\t<div class=\"elementor-element elementor-element-12b9149 elementor-widget elementor-widget-text-editor\" data-id=\"12b9149\" data-element_type=\"widget\" data-widget_type=\"text-editor.default\">\n\t\t\t\t\t\t\t\t\t<p>L\u2019acc\u00e8s au dispositif se fait apr\u00e8s prescription de votre m\u00e9decin (g\u00e9n\u00e9raliste ou sp\u00e9cialiste) et validation de votre dossier par Moselle Mouv\u2019.<\/p>\t\t\t\t\t\t\t\t<\/div>\n\t\t\t\t<\/div>\n\t\t\t\t\t<\/div>\n\t\t\t\t<\/div>\n\t\t<div class=\"elementor-element elementor-element-27d67cc e-flex e-con-boxed e-con e-parent\" data-id=\"27d67cc\" data-element_type=\"container\" data-settings=\"{&quot;background_background&quot;:&quot;classic&quot;}\">\n\t\t\t\t\t<div class=\"e-con-inner\">\n\t\t<div class=\"elementor-element elementor-element-90975b7 e-con-full e-flex e-con e-child\" data-id=\"90975b7\" data-element_type=\"container\">\n\t\t\t\t<div class=\"elementor-element elementor-element-07ed396 elementor-widget elementor-widget-heading\" data-id=\"07ed396\" data-element_type=\"widget\" data-widget_type=\"heading.default\">\n\t\t\t\t\t<h2 class=\"elementor-heading-title elementor-size-default\">Parlons de vos objectifs et de vos besoins sp\u00e9cifiques.<\/h2>\t\t\t\t<\/div>\n\t\t\t\t<\/div>\n\t\t<div class=\"elementor-element elementor-element-731fd5c e-con-full e-flex e-con e-child\" data-id=\"731fd5c\" data-element_type=\"container\">\n\t\t\t\t<div class=\"elementor-element elementor-element-5477264 elementor-align-right elementor-mobile-align-center elementor-widget elementor-widget-button\" data-id=\"5477264\" data-element_type=\"widget\" data-widget_type=\"button.default\">\n\t\t\t\t\t\t\t\t\t\t<a class=\"elementor-button elementor-size-sm\" role=\"button\">\n\t\t\t\t\t\t<span class=\"elementor-button-content-wrapper\">\n\t\t\t\t\t\t\t\t\t<span class=\"elementor-button-text\">nous contacter<\/span>\n\t\t\t\t\t<\/span>\n\t\t\t\t\t<\/a>\n\t\t\t\t\t\t\t\t<\/div>\n\t\t\t\t<\/div>\n\t\t\t\t\t<\/div>\n\t\t\t\t<\/div>\n\t\t\t\t<\/div>\n\t\t","protected":false},"excerpt":{"rendered":"<p>T\u00e9l\u00e9charger votre ordonnance ACCOMPAGNER LES PERSONNES MALADES La Ligue contre le cancer (Comit\u00e9 de Moselle) propose un dispositif de soins de support [&hellip;]<\/p>\n","protected":false},"author":1,"featured_media":0,"parent":0,"menu_order":0,"comment_status":"closed","ping_status":"closed","template":"page-templates\/page_front-page.php","meta":{"footnotes":""},"class_list":["post-401","page","type-page","status-publish","hentry"],"_links":{"self":[{"href":"https:\/\/activforme.fr\/index.php\/wp-json\/wp\/v2\/pages\/401","targetHints":{"allow":["GET"]}}],"collection":[{"href":"https:\/\/activforme.fr\/index.php\/wp-json\/wp\/v2\/pages"}],"about":[{"href":"https:\/\/activforme.fr\/index.php\/wp-json\/wp\/v2\/types\/page"}],"author":[{"embeddable":true,"href":"https:\/\/activforme.fr\/index.php\/wp-json\/wp\/v2\/users\/1"}],"replies":[{"embeddable":true,"href":"https:\/\/activforme.fr\/index.php\/wp-json\/wp\/v2\/comments?post=401"}],"version-history":[{"count":66,"href":"https:\/\/activforme.fr\/index.php\/wp-json\/wp\/v2\/pages\/401\/revisions"}],"predecessor-version":[{"id":1155,"href":"https:\/\/activforme.fr\/index.php\/wp-json\/wp\/v2\/pages\/401\/revisions\/1155"}],"wp:attachment":[{"href":"https:\/\/activforme.fr\/index.php\/wp-json\/wp\/v2\/media?parent=401"}],"curies":[{"name":"wp","href":"https:\/\/api.w.org\/{rel}","templated":true}]}}